{"id":4410,"date":"2024-09-13T11:53:52","date_gmt":"2024-09-13T08:53:52","guid":{"rendered":"https:\/\/www.dentaglobal.com\/iletisim\/"},"modified":"2024-10-19T21:54:38","modified_gmt":"2024-10-19T18:54:38","slug":"iletisim","status":"publish","type":"page","link":"https:\/\/www.dentaglobal.com.tr\/fr\/iletisim\/","title":{"rendered":"\u0130LET\u0130\u015e\u0130M"},"content":{"rendered":"","protected":false},"excerpt":{"rendered":"","protected":false},"author":2,"featured_media":0,"parent":0,"menu_order":0,"comment_status":"closed","ping_status":"closed","template":"contact.php","meta":{"footnotes":""},"class_list":["post-4410","page","type-page","status-publish","hentry"],"yoast_head":"<!-- This site is optimized with the Yoast SEO Premium plugin v24.1 (Yoast SEO v27.3) - https:\/\/yoast.com\/product\/yoast-seo-premium-wordpress\/ -->\n<title>\u0130LET\u0130\u015e\u0130M - Dentaglobal<\/title>\n<meta name=\"robots\" content=\"index, follow, max-snippet:-1, max-image-preview:large, max-video-preview:-1\" \/>\n<link rel=\"canonical\" href=\"https:\/\/www.dentaglobal.com.tr\/fr\/iletisim\/\" \/>\n<meta property=\"og:locale\" content=\"fr_FR\" \/>\n<meta property=\"og:type\" content=\"article\" \/>\n<meta property=\"og:title\" content=\"\u0130LET\u0130\u015e\u0130M\" \/>\n<meta property=\"og:url\" content=\"https:\/\/www.dentaglobal.com.tr\/fr\/iletisim\/\" \/>\n<meta property=\"og:site_name\" content=\"Dentaglobal\" \/>\n<meta property=\"article:modified_time\" content=\"2024-10-19T18:54:38+00:00\" \/>\n<meta name=\"twitter:card\" content=\"summary_large_image\" \/>\n<script type=\"application\/ld+json\" class=\"yoast-schema-graph\">{\"@context\":\"https:\\\/\\\/schema.org\",\"@graph\":[{\"@type\":\"WebPage\",\"@id\":\"https:\\\/\\\/www.dentaglobal.com.tr\\\/fr\\\/iletisim\\\/\",\"url\":\"https:\\\/\\\/www.dentaglobal.com.tr\\\/fr\\\/iletisim\\\/\",\"name\":\"\u0130LET\u0130\u015e\u0130M - Dentaglobal\",\"isPartOf\":{\"@id\":\"https:\\\/\\\/www.dentaglobal.com.tr\\\/fr\\\/#website\"},\"datePublished\":\"2024-09-13T08:53:52+00:00\",\"dateModified\":\"2024-10-19T18:54:38+00:00\",\"breadcrumb\":{\"@id\":\"https:\\\/\\\/www.dentaglobal.com.tr\\\/fr\\\/iletisim\\\/#breadcrumb\"},\"inLanguage\":\"fr-FR\",\"potentialAction\":[{\"@type\":\"ReadAction\",\"target\":[\"https:\\\/\\\/www.dentaglobal.com.tr\\\/fr\\\/iletisim\\\/\"]}]},{\"@type\":\"BreadcrumbList\",\"@id\":\"https:\\\/\\\/www.dentaglobal.com.tr\\\/fr\\\/iletisim\\\/#breadcrumb\",\"itemListElement\":[{\"@type\":\"ListItem\",\"position\":1,\"name\":\"Anasayfa\",\"item\":\"https:\\\/\\\/www.dentaglobal.com.tr\\\/fr\\\/\"},{\"@type\":\"ListItem\",\"position\":2,\"name\":\"\u0130LET\u0130\u015e\u0130M\"}]},{\"@type\":\"WebSite\",\"@id\":\"https:\\\/\\\/www.dentaglobal.com.tr\\\/fr\\\/#website\",\"url\":\"https:\\\/\\\/www.dentaglobal.com.tr\\\/fr\\\/\",\"name\":\"Dentaglobal\",\"description\":\"\",\"publisher\":{\"@id\":\"https:\\\/\\\/www.dentaglobal.com.tr\\\/fr\\\/#organization\"},\"potentialAction\":[{\"@type\":\"SearchAction\",\"target\":{\"@type\":\"EntryPoint\",\"urlTemplate\":\"https:\\\/\\\/www.dentaglobal.com.tr\\\/fr\\\/?s={search_term_string}\"},\"query-input\":{\"@type\":\"PropertyValueSpecification\",\"valueRequired\":true,\"valueName\":\"search_term_string\"}}],\"inLanguage\":\"fr-FR\"},{\"@type\":\"Organization\",\"@id\":\"https:\\\/\\\/www.dentaglobal.com.tr\\\/fr\\\/#organization\",\"name\":\"Dentaglobal\",\"url\":\"https:\\\/\\\/www.dentaglobal.com.tr\\\/fr\\\/\",\"logo\":{\"@type\":\"ImageObject\",\"inLanguage\":\"fr-FR\",\"@id\":\"https:\\\/\\\/www.dentaglobal.com.tr\\\/fr\\\/#\\\/schema\\\/logo\\\/image\\\/\",\"url\":\"https:\\\/\\\/www.dentaglobal.com\\\/wp-content\\\/uploads\\\/2024\\\/10\\\/logo-en.png\",\"contentUrl\":\"https:\\\/\\\/www.dentaglobal.com\\\/wp-content\\\/uploads\\\/2024\\\/10\\\/logo-en.png\",\"width\":343,\"height\":73,\"caption\":\"Dentaglobal\"},\"image\":{\"@id\":\"https:\\\/\\\/www.dentaglobal.com.tr\\\/fr\\\/#\\\/schema\\\/logo\\\/image\\\/\"}}]}<\/script>\n<!-- \/ Yoast SEO Premium plugin. -->","yoast_head_json":{"title":"\u0130LET\u0130\u015e\u0130M - Dentaglobal","robots":{"index":"index","follow":"follow","max-snippet":"max-snippet:-1","max-image-preview":"max-image-preview:large","max-video-preview":"max-video-preview:-1"},"canonical":"https:\/\/www.dentaglobal.com.tr\/fr\/iletisim\/","og_locale":"fr_FR","og_type":"article","og_title":"\u0130LET\u0130\u015e\u0130M","og_url":"https:\/\/www.dentaglobal.com.tr\/fr\/iletisim\/","og_site_name":"Dentaglobal","article_modified_time":"2024-10-19T18:54:38+00:00","twitter_card":"summary_large_image","schema":{"@context":"https:\/\/schema.org","@graph":[{"@type":"WebPage","@id":"https:\/\/www.dentaglobal.com.tr\/fr\/iletisim\/","url":"https:\/\/www.dentaglobal.com.tr\/fr\/iletisim\/","name":"\u0130LET\u0130\u015e\u0130M - Dentaglobal","isPartOf":{"@id":"https:\/\/www.dentaglobal.com.tr\/fr\/#website"},"datePublished":"2024-09-13T08:53:52+00:00","dateModified":"2024-10-19T18:54:38+00:00","breadcrumb":{"@id":"https:\/\/www.dentaglobal.com.tr\/fr\/iletisim\/#breadcrumb"},"inLanguage":"fr-FR","potentialAction":[{"@type":"ReadAction","target":["https:\/\/www.dentaglobal.com.tr\/fr\/iletisim\/"]}]},{"@type":"BreadcrumbList","@id":"https:\/\/www.dentaglobal.com.tr\/fr\/iletisim\/#breadcrumb","itemListElement":[{"@type":"ListItem","position":1,"name":"Anasayfa","item":"https:\/\/www.dentaglobal.com.tr\/fr\/"},{"@type":"ListItem","position":2,"name":"\u0130LET\u0130\u015e\u0130M"}]},{"@type":"WebSite","@id":"https:\/\/www.dentaglobal.com.tr\/fr\/#website","url":"https:\/\/www.dentaglobal.com.tr\/fr\/","name":"Dentaglobal","description":"","publisher":{"@id":"https:\/\/www.dentaglobal.com.tr\/fr\/#organization"},"potentialAction":[{"@type":"SearchAction","target":{"@type":"EntryPoint","urlTemplate":"https:\/\/www.dentaglobal.com.tr\/fr\/?s={search_term_string}"},"query-input":{"@type":"PropertyValueSpecification","valueRequired":true,"valueName":"search_term_string"}}],"inLanguage":"fr-FR"},{"@type":"Organization","@id":"https:\/\/www.dentaglobal.com.tr\/fr\/#organization","name":"Dentaglobal","url":"https:\/\/www.dentaglobal.com.tr\/fr\/","logo":{"@type":"ImageObject","inLanguage":"fr-FR","@id":"https:\/\/www.dentaglobal.com.tr\/fr\/#\/schema\/logo\/image\/","url":"https:\/\/www.dentaglobal.com\/wp-content\/uploads\/2024\/10\/logo-en.png","contentUrl":"https:\/\/www.dentaglobal.com\/wp-content\/uploads\/2024\/10\/logo-en.png","width":343,"height":73,"caption":"Dentaglobal"},"image":{"@id":"https:\/\/www.dentaglobal.com.tr\/fr\/#\/schema\/logo\/image\/"}}]}},"_links":{"self":[{"href":"https:\/\/www.dentaglobal.com.tr\/fr\/wp-json\/wp\/v2\/pages\/4410","targetHints":{"allow":["GET"]}}],"collection":[{"href":"https:\/\/www.dentaglobal.com.tr\/fr\/wp-json\/wp\/v2\/pages"}],"about":[{"href":"https:\/\/www.dentaglobal.com.tr\/fr\/wp-json\/wp\/v2\/types\/page"}],"author":[{"embeddable":true,"href":"https:\/\/www.dentaglobal.com.tr\/fr\/wp-json\/wp\/v2\/users\/2"}],"replies":[{"embeddable":true,"href":"https:\/\/www.dentaglobal.com.tr\/fr\/wp-json\/wp\/v2\/comments?post=4410"}],"version-history":[{"count":1,"href":"https:\/\/www.dentaglobal.com.tr\/fr\/wp-json\/wp\/v2\/pages\/4410\/revisions"}],"predecessor-version":[{"id":4415,"href":"https:\/\/www.dentaglobal.com.tr\/fr\/wp-json\/wp\/v2\/pages\/4410\/revisions\/4415"}],"wp:attachment":[{"href":"https:\/\/www.dentaglobal.com.tr\/fr\/wp-json\/wp\/v2\/media?parent=4410"}],"curies":[{"name":"wp","href":"https:\/\/api.w.org\/{rel}","templated":true}]}}