{"id":2783,"date":"2024-10-15T13:52:04","date_gmt":"2024-10-15T10:52:04","guid":{"rendered":"https:\/\/www.dentaglobal.com\/?page_id=2783"},"modified":"2024-10-19T19:37:58","modified_gmt":"2024-10-19T16:37:58","slug":"covid19-protokolle","status":"publish","type":"page","link":"https:\/\/www.dentaglobal.com.tr\/de\/covid19-protokolle\/","title":{"rendered":"Covid19-Protokolle"},"content":{"rendered":"\n<h2 class=\"wp-block-heading\">F\u00fchlen Sie sich sicher bei DENTAGLOBAL<\/h2>\n\n\n\n<h3 class=\"wp-block-heading\">Globale Ma\u00dfnahmen f\u00fcr Ihre Sicherheit<\/h3>\n\n\n\n<p>Jetzt, wo wir wieder anfangen k\u00f6nnen zu tr\u00e4umen, zu erforschen und zu l\u00e4cheln, ist es wichtiger denn je f\u00fcr uns, dies sicher und mit Seelenfrieden tun zu k\u00f6nnen. In der DENTAGLOBAL Zahnklinik m\u00f6chten wir, dass Sie sicher sind und beruhigt sind, w\u00e4hrend Sie Ihr Trauml\u00e4cheln erhalten und unvergessliche Erfahrungen in unserer Zahnklinik machen. Deshalb haben wir bei DENTAGLOBAL Feel Safe geschaffen.<\/p>\n\n\n\n<p>In unserer Klinik haben wir eine Reihe von Ma\u00dfnahmen umgesetzt, die von Sicherheitsexperten genehmigt wurden. Damit soll sichergestellt werden, dass unsere Patienten &amp; G\u00e4ste, Mitarbeiter und Lieferanten weiterhin sorgenfrei arbeiten k\u00f6nnen.<\/p>\n\n\n\n<div class=\"wp-block-media-text has-media-on-the-right is-stacked-on-mobile\"><div class=\"wp-block-media-text__content\">\n<h3 class=\"wp-block-heading\">1. Erweiterte Gesundheitsinspektionsregeln<\/h3>\n\n\n\n<p>Unsere Anlagenreinigung, Entkeimung von Bereichen und Ausr\u00fcstungen wurden an die aktuellen Bed\u00fcrfnisse angepasst.&nbsp; K\u00f6rpertemperaturmessung beim Eingang f\u00fcr alle Mitarbeiter, \u00c4rzteteams, Patienten und G\u00e4ste werden getestet und best\u00e4tigt.<\/p>\n<\/div><figure class=\"wp-block-media-text__media\"><img loading=\"lazy\" decoding=\"async\" width=\"1006\" height=\"650\" src=\"https:\/\/www.dentaglobal.com\/wp-content\/uploads\/2024\/10\/covid1.jpg\" alt=\"\" class=\"wp-image-2784 size-full\" srcset=\"https:\/\/www.dentaglobal.com.tr\/wp-content\/uploads\/2024\/10\/covid1.jpg 1006w, https:\/\/www.dentaglobal.com.tr\/wp-content\/uploads\/2024\/10\/covid1-300x194.jpg 300w, https:\/\/www.dentaglobal.com.tr\/wp-content\/uploads\/2024\/10\/covid1-768x496.jpg 768w\" sizes=\"auto, (max-width: 1006px) 100vw, 1006px\" \/><\/figure><\/div>\n\n\n\n<div class=\"wp-block-media-text is-stacked-on-mobile\" style=\"grid-template-columns:25% auto\"><figure class=\"wp-block-media-text__media\"><img loading=\"lazy\" decoding=\"async\" width=\"180\" height=\"313\" src=\"https:\/\/www.dentaglobal.com\/wp-content\/uploads\/2024\/10\/Adsiz-tasarim-2024-10-19T193723.630.png\" alt=\"\" class=\"wp-image-4373 size-full\" srcset=\"https:\/\/www.dentaglobal.com.tr\/wp-content\/uploads\/2024\/10\/Adsiz-tasarim-2024-10-19T193723.630.png 180w, https:\/\/www.dentaglobal.com.tr\/wp-content\/uploads\/2024\/10\/Adsiz-tasarim-2024-10-19T193723.630-173x300.png 173w\" sizes=\"auto, (max-width: 180px) 100vw, 180px\" \/><\/figure><div class=\"wp-block-media-text__content\">\n<h3 class=\"wp-block-heading\">2. Fortschrittliche digitale Dienste<\/h3>\n\n\n\n<p>Um Interaktionen und direkten Kontakt mit Oberfl\u00e4chen an unserem Standort zu minimieren, bieten wir allen unseren G\u00e4sten verschiedene technische und digitale L\u00f6sungen an:<\/p>\n\n\n\n<p><strong>Papierlose Registrierung<\/strong><\/p>\n\n\n\n<p><strong>Digitaler Guest-Relations-Service<\/strong>&nbsp;f\u00fcr die sofortige Kommunikation mit unseren Mitarbeitern und dem medizinischen Team<\/p>\n\n\n\n<p><strong>Virtuelle Online-Beratung<\/strong><\/p>\n<\/div><\/div>\n\n\n\n<div class=\"wp-block-media-text has-media-on-the-right is-stacked-on-mobile\"><div class=\"wp-block-media-text__content\">\n<h3 class=\"wp-block-heading\">3. Verbesserte Reinigungs und Desinfektionsmassnahmen<\/h3>\n\n\n\n<p>DENTAGLOBAL befolgt Reinigungsvorschriften auf der Grundlage des t\u00fcrkischen Gesundheitsministeriums<\/p>\n\n\n\n<p><strong>Oberfl\u00e4chenreinigung in Gemeinschaftsbereichen<\/strong>&nbsp;\u2013 Rezeption, Eingang, Flure, Toiletten und andere Gemeinschaftsbereiche werden gem\u00e4\u00df den Covid-19 Vorschriften desinfiziert<\/p>\n\n\n\n<p><strong>Desinfektion von Klinikr\u00e4umen<\/strong>&nbsp;\u2013 Wir verwenden hochwirksame Reinigungsprodukte auf allen Oberfl\u00e4chen, Objekten und Dekorationsgegenst\u00e4nden sowie klinisch erprobte Produkte zum Waschen von Textilien.<\/p>\n\n\n\n<p><strong>Equipment&nbsp;<\/strong>\u2013 using cleaning products and practices in line Hospital for new Covid-19 Protocols<\/p>\n<\/div><figure class=\"wp-block-media-text__media\"><img loading=\"lazy\" decoding=\"async\" width=\"1024\" height=\"768\" src=\"https:\/\/www.dentaglobal.com\/wp-content\/uploads\/2024\/10\/covid3-1024x768.jpg\" alt=\"\" class=\"wp-image-2794 size-full\" srcset=\"https:\/\/www.dentaglobal.com.tr\/wp-content\/uploads\/2024\/10\/covid3-1024x768.jpg 1024w, https:\/\/www.dentaglobal.com.tr\/wp-content\/uploads\/2024\/10\/covid3-300x225.jpg 300w, https:\/\/www.dentaglobal.com.tr\/wp-content\/uploads\/2024\/10\/covid3-768x576.jpg 768w, https:\/\/www.dentaglobal.com.tr\/wp-content\/uploads\/2024\/10\/covid3-1536x1152.jpg 1536w, https:\/\/www.dentaglobal.com.tr\/wp-content\/uploads\/2024\/10\/covid3.jpg 1600w\" sizes=\"auto, (max-width: 1024px) 100vw, 1024px\" \/><\/figure><\/div>\n\n\n\n<div class=\"wp-block-media-text is-stacked-on-mobile\"><figure class=\"wp-block-media-text__media\"><img loading=\"lazy\" decoding=\"async\" width=\"665\" height=\"355\" src=\"https:\/\/www.dentaglobal.com\/wp-content\/uploads\/2024\/10\/covid4.jpg\" alt=\"\" class=\"wp-image-2799 size-full\" srcset=\"https:\/\/www.dentaglobal.com.tr\/wp-content\/uploads\/2024\/10\/covid4.jpg 665w, https:\/\/www.dentaglobal.com.tr\/wp-content\/uploads\/2024\/10\/covid4-300x160.jpg 300w\" sizes=\"auto, (max-width: 665px) 100vw, 665px\" \/><\/figure><div class=\"wp-block-media-text__content\">\n<h3 class=\"wp-block-heading\">3. Verbesserte Reinigungs und Desinfektionsmassnahmen<\/h3>\n\n\n\n<p>DENTAGLOBAL befolgt Reinigungsvorschriften auf der Grundlage des t\u00fcrkischen Gesundheitsministeriums<\/p>\n\n\n\n<p><strong>Oberfl\u00e4chenreinigung in Gemeinschaftsbereichen<\/strong>&nbsp;\u2013 Rezeption, Eingang, Flure, Toiletten und andere Gemeinschaftsbereiche werden gem\u00e4\u00df den Covid-19 Vorschriften desinfiziert<\/p>\n\n\n\n<p><strong>Desinfektion von Klinikr\u00e4umen<\/strong>&nbsp;\u2013 Wir verwenden hochwirksame Reinigungsprodukte auf allen Oberfl\u00e4chen, Objekten und Dekorationsgegenst\u00e4nden sowie klinisch erprobte Produkte zum Waschen von Textilien.<\/p>\n\n\n\n<p><strong>Equipment&nbsp;<\/strong>\u2013 using cleaning products and practices in line Hospital for new Covid-19 Protocols<\/p>\n<\/div><\/div>\n\n\n\n<div class=\"wp-block-media-text has-media-on-the-right is-stacked-on-mobile\"><div class=\"wp-block-media-text__content\">\n<h3 class=\"wp-block-heading\">5. Pers\u00f6nliche Schutzausr\u00fcstung &amp; Massnahmen<\/h3>\n\n\n\n<p>Wir bieten allen unseren G\u00e4sten, Mitarbeitern und Lieferanten w\u00e4hrend ihres Aufenthalts.<\/p>\n\n\n\n<p><strong>F\u00fcr Lieferanten erforderliche Ausr\u00fcstung<\/strong>&nbsp;\u2013 alle Lieferanten, die die Anlage betreten, m\u00fcssen die erforderlichen Sicherheitsma\u00dfnahmen befolgen.<\/p>\n\n\n\n<p><strong>Zugang zu Desinfektionsgel, Masken und Handschuhen<\/strong>.<\/p>\n\n\n\n<p><strong>Mitarbeiterschutz<\/strong>&nbsp;\u2013 Alle Mitarbeiter von DENTAGLOBAL haben Zugang zu den Ger\u00e4ten, die sie f\u00fcr ihre Arbeit mit maximaler Gesundheitsgarantie ben\u00f6tigen.<\/p>\n<\/div><figure class=\"wp-block-media-text__media\"><img loading=\"lazy\" decoding=\"async\" width=\"1024\" height=\"450\" src=\"https:\/\/www.dentaglobal.com\/wp-content\/uploads\/2024\/10\/covid5.jpg\" alt=\"\" class=\"wp-image-2804 size-full\" srcset=\"https:\/\/www.dentaglobal.com.tr\/wp-content\/uploads\/2024\/10\/covid5.jpg 1024w, https:\/\/www.dentaglobal.com.tr\/wp-content\/uploads\/2024\/10\/covid5-300x132.jpg 300w, https:\/\/www.dentaglobal.com.tr\/wp-content\/uploads\/2024\/10\/covid5-768x338.jpg 768w\" sizes=\"auto, (max-width: 1024px) 100vw, 1024px\" \/><\/figure><\/div>\n\n\n\n<div class=\"wp-block-media-text is-stacked-on-mobile\"><figure class=\"wp-block-media-text__media\"><img loading=\"lazy\" decoding=\"async\" width=\"1024\" height=\"683\" src=\"https:\/\/www.dentaglobal.com\/wp-content\/uploads\/2024\/10\/covid6.jpg\" alt=\"\" class=\"wp-image-2809 size-full\" srcset=\"https:\/\/www.dentaglobal.com.tr\/wp-content\/uploads\/2024\/10\/covid6.jpg 1024w, https:\/\/www.dentaglobal.com.tr\/wp-content\/uploads\/2024\/10\/covid6-300x200.jpg 300w, https:\/\/www.dentaglobal.com.tr\/wp-content\/uploads\/2024\/10\/covid6-768x512.jpg 768w\" sizes=\"auto, (max-width: 1024px) 100vw, 1024px\" \/><\/figure><div class=\"wp-block-media-text__content\">\n<h3 class=\"wp-block-heading\"><strong>6.&nbsp;Qualit\u00e4tsprotokolle f\u00fcr die Klimaanlagenreinigung<\/strong><\/h3>\n\n\n\n<p>In allen Einrichtungen befolgen wir die strengsten Reinigungs- und Desinfektionsstandards f\u00fcr L\u00fcftungs- und Klimaanlagen<\/p>\n\n\n\n<p><strong>Luftqualit\u00e4t<\/strong>&nbsp;\u2013 Wir erh\u00f6hen die H\u00e4ufigkeit der Inspektionen von L\u00fcftungsanlagen und Dekontaminationsprotokollen.<\/p>\n<\/div><\/div>\n\n\n\n<div class=\"wp-block-media-text has-media-on-the-right is-stacked-on-mobile\"><div class=\"wp-block-media-text__content\">\n<h3 class=\"wp-block-heading\">7. Desinfizierter Transportservice<\/h3>\n\n\n\n<p><strong>Ebenso wird bei der Flughafenbegr\u00fc\u00dfung und bei allen Transfers auf Sicherheitsma\u00dfnahmen geachtet<\/strong>. Die Desinfektion des Fahrzeuginnenraums und Tragen von Masken w\u00e4hrend der Fahrt ist notwendig.<\/p>\n<\/div><figure class=\"wp-block-media-text__media\"><img loading=\"lazy\" decoding=\"async\" width=\"800\" height=\"445\" src=\"https:\/\/www.dentaglobal.com\/wp-content\/uploads\/2024\/10\/covid7.jpg\" alt=\"\" class=\"wp-image-2814 size-full\" srcset=\"https:\/\/www.dentaglobal.com.tr\/wp-content\/uploads\/2024\/10\/covid7.jpg 800w, https:\/\/www.dentaglobal.com.tr\/wp-content\/uploads\/2024\/10\/covid7-300x167.jpg 300w, https:\/\/www.dentaglobal.com.tr\/wp-content\/uploads\/2024\/10\/covid7-768x427.jpg 768w\" sizes=\"auto, (max-width: 800px) 100vw, 800px\" \/><\/figure><\/div>\n\n\n\n<div class=\"wp-block-media-text is-stacked-on-mobile\"><figure class=\"wp-block-media-text__media\"><img loading=\"lazy\" decoding=\"async\" width=\"960\" height=\"640\" src=\"https:\/\/www.dentaglobal.com\/wp-content\/uploads\/2024\/10\/covid8.jpg\" alt=\"\" class=\"wp-image-2819 size-full\" srcset=\"https:\/\/www.dentaglobal.com.tr\/wp-content\/uploads\/2024\/10\/covid8.jpg 960w, https:\/\/www.dentaglobal.com.tr\/wp-content\/uploads\/2024\/10\/covid8-300x200.jpg 300w, https:\/\/www.dentaglobal.com.tr\/wp-content\/uploads\/2024\/10\/covid8-768x512.jpg 768w\" sizes=\"auto, (max-width: 960px) 100vw, 960px\" \/><\/figure><div class=\"wp-block-media-text__content\">\n<p>7. Desinfizierter Transportservice<\/p>\n\n\n\n<p><strong>Ebenso wird bei der Flughafenbegr\u00fc\u00dfung und bei allen Transfers auf Sicherheitsma\u00dfnahmen geachtet<\/strong>. Die Desinfektion des Fahrzeuginnenraums und Tragen von Masken w\u00e4hrend der Fahrt ist notwendig.<\/p>\n<\/div><\/div>\n","protected":false},"excerpt":{"rendered":"F\u00fchlen Sie sich sicher bei DENTAGLOBAL Globale Ma\u00dfnahmen f\u00fcr Ihre Sicherheit Jetzt, wo wir wieder anfangen k\u00f6nnen zu tr\u00e4umen, zu erforschen und zu l\u00e4cheln, ist es wichtiger denn je f\u00fcr uns, dies sicher und mit Seelenfrieden tun zu k\u00f6nnen. In der DENTAGLOBAL Zahnklinik m\u00f6chten wir, dass Sie sicher sind und beruhigt sind, w\u00e4hrend Sie Ihr [&hellip;]","protected":false},"author":2,"featured_media":0,"parent":0,"menu_order":0,"comment_status":"closed","ping_status":"closed","template":"","meta":{"footnotes":""},"class_list":["post-2783","page","type-page","status-publish","hentry"],"yoast_head":"<!-- This site is optimized with the Yoast SEO Premium plugin v24.1 (Yoast SEO v27.5) - https:\/\/yoast.com\/product\/yoast-seo-premium-wordpress\/ -->\n<title>Covid19-Protokolle - Dentaglobal<\/title>\n<meta name=\"description\" content=\"F\u00fchlen Sie sich sicher bei DENTAGLOBAL Globale Ma\u00dfnahmen f\u00fcr Ihre Sicherheit Jetzt, wo wir wieder anfangen k\u00f6nnen zu tr\u00e4umen, zu erforschen und zu\" \/>\n<meta name=\"robots\" content=\"index, follow, max-snippet:-1, max-image-preview:large, max-video-preview:-1\" \/>\n<link rel=\"canonical\" href=\"https:\/\/www.dentaglobal.com.tr\/de\/covid19-protokolle\/\" \/>\n<meta property=\"og:locale\" content=\"de_DE\" \/>\n<meta property=\"og:type\" content=\"article\" \/>\n<meta property=\"og:title\" content=\"Covid19-Protokolle\" \/>\n<meta property=\"og:description\" content=\"F\u00fchlen Sie sich sicher bei DENTAGLOBAL Globale Ma\u00dfnahmen f\u00fcr Ihre Sicherheit Jetzt, wo wir wieder anfangen k\u00f6nnen zu tr\u00e4umen, zu erforschen und zu\" \/>\n<meta property=\"og:url\" content=\"https:\/\/www.dentaglobal.com.tr\/de\/covid19-protokolle\/\" \/>\n<meta property=\"og:site_name\" content=\"Dentaglobal\" \/>\n<meta property=\"article:modified_time\" content=\"2024-10-19T16:37:58+00:00\" \/>\n<meta property=\"og:image\" content=\"https:\/\/www.dentaglobal.com\/wp-content\/uploads\/2024\/10\/covid1.jpg\" \/>\n<meta name=\"twitter:card\" content=\"summary_large_image\" \/>\n<meta name=\"twitter:label1\" content=\"Gesch\u00e4tzte Lesezeit\" \/>\n\t<meta name=\"twitter:data1\" content=\"3\u00a0Minuten\" \/>\n<script type=\"application\/ld+json\" class=\"yoast-schema-graph\">{\"@context\":\"https:\\\/\\\/schema.org\",\"@graph\":[{\"@type\":\"WebPage\",\"@id\":\"https:\\\/\\\/www.dentaglobal.com.tr\\\/de\\\/covid19-protokolle\\\/\",\"url\":\"https:\\\/\\\/www.dentaglobal.com.tr\\\/de\\\/covid19-protokolle\\\/\",\"name\":\"Covid19-Protokolle - Dentaglobal\",\"isPartOf\":{\"@id\":\"https:\\\/\\\/www.dentaglobal.com.tr\\\/de\\\/#website\"},\"primaryImageOfPage\":{\"@id\":\"https:\\\/\\\/www.dentaglobal.com.tr\\\/de\\\/covid19-protokolle\\\/#primaryimage\"},\"image\":{\"@id\":\"https:\\\/\\\/www.dentaglobal.com.tr\\\/de\\\/covid19-protokolle\\\/#primaryimage\"},\"thumbnailUrl\":\"https:\\\/\\\/www.dentaglobal.com\\\/wp-content\\\/uploads\\\/2024\\\/10\\\/covid1.jpg\",\"datePublished\":\"2024-10-15T10:52:04+00:00\",\"dateModified\":\"2024-10-19T16:37:58+00:00\",\"description\":\"F\u00fchlen Sie sich sicher bei DENTAGLOBAL Globale Ma\u00dfnahmen f\u00fcr Ihre Sicherheit Jetzt, wo wir wieder anfangen k\u00f6nnen zu tr\u00e4umen, zu erforschen und zu\",\"breadcrumb\":{\"@id\":\"https:\\\/\\\/www.dentaglobal.com.tr\\\/de\\\/covid19-protokolle\\\/#breadcrumb\"},\"inLanguage\":\"de\",\"potentialAction\":[{\"@type\":\"ReadAction\",\"target\":[\"https:\\\/\\\/www.dentaglobal.com.tr\\\/de\\\/covid19-protokolle\\\/\"]}]},{\"@type\":\"ImageObject\",\"inLanguage\":\"de\",\"@id\":\"https:\\\/\\\/www.dentaglobal.com.tr\\\/de\\\/covid19-protokolle\\\/#primaryimage\",\"url\":\"https:\\\/\\\/www.dentaglobal.com\\\/wp-content\\\/uploads\\\/2024\\\/10\\\/covid1.jpg\",\"contentUrl\":\"https:\\\/\\\/www.dentaglobal.com\\\/wp-content\\\/uploads\\\/2024\\\/10\\\/covid1.jpg\"},{\"@type\":\"BreadcrumbList\",\"@id\":\"https:\\\/\\\/www.dentaglobal.com.tr\\\/de\\\/covid19-protokolle\\\/#breadcrumb\",\"itemListElement\":[{\"@type\":\"ListItem\",\"position\":1,\"name\":\"Anasayfa\",\"item\":\"https:\\\/\\\/www.dentaglobal.com.tr\\\/de\\\/\"},{\"@type\":\"ListItem\",\"position\":2,\"name\":\"Covid19-Protokolle\"}]},{\"@type\":\"WebSite\",\"@id\":\"https:\\\/\\\/www.dentaglobal.com.tr\\\/de\\\/#website\",\"url\":\"https:\\\/\\\/www.dentaglobal.com.tr\\\/de\\\/\",\"name\":\"Dentaglobal\",\"description\":\"\",\"publisher\":{\"@id\":\"https:\\\/\\\/www.dentaglobal.com.tr\\\/de\\\/#organization\"},\"potentialAction\":[{\"@type\":\"SearchAction\",\"target\":{\"@type\":\"EntryPoint\",\"urlTemplate\":\"https:\\\/\\\/www.dentaglobal.com.tr\\\/de\\\/?s={search_term_string}\"},\"query-input\":{\"@type\":\"PropertyValueSpecification\",\"valueRequired\":true,\"valueName\":\"search_term_string\"}}],\"inLanguage\":\"de\"},{\"@type\":\"Organization\",\"@id\":\"https:\\\/\\\/www.dentaglobal.com.tr\\\/de\\\/#organization\",\"name\":\"Dentaglobal\",\"url\":\"https:\\\/\\\/www.dentaglobal.com.tr\\\/de\\\/\",\"logo\":{\"@type\":\"ImageObject\",\"inLanguage\":\"de\",\"@id\":\"https:\\\/\\\/www.dentaglobal.com.tr\\\/de\\\/#\\\/schema\\\/logo\\\/image\\\/\",\"url\":\"https:\\\/\\\/www.dentaglobal.com\\\/wp-content\\\/uploads\\\/2024\\\/10\\\/logo-en.png\",\"contentUrl\":\"https:\\\/\\\/www.dentaglobal.com\\\/wp-content\\\/uploads\\\/2024\\\/10\\\/logo-en.png\",\"width\":343,\"height\":73,\"caption\":\"Dentaglobal\"},\"image\":{\"@id\":\"https:\\\/\\\/www.dentaglobal.com.tr\\\/de\\\/#\\\/schema\\\/logo\\\/image\\\/\"}}]}<\/script>\n<!-- \/ Yoast SEO Premium plugin. -->","yoast_head_json":{"title":"Covid19-Protokolle - Dentaglobal","description":"F\u00fchlen Sie sich sicher bei DENTAGLOBAL Globale Ma\u00dfnahmen f\u00fcr Ihre Sicherheit Jetzt, wo wir wieder anfangen k\u00f6nnen zu tr\u00e4umen, zu erforschen und zu","robots":{"index":"index","follow":"follow","max-snippet":"max-snippet:-1","max-image-preview":"max-image-preview:large","max-video-preview":"max-video-preview:-1"},"canonical":"https:\/\/www.dentaglobal.com.tr\/de\/covid19-protokolle\/","og_locale":"de_DE","og_type":"article","og_title":"Covid19-Protokolle","og_description":"F\u00fchlen Sie sich sicher bei DENTAGLOBAL Globale Ma\u00dfnahmen f\u00fcr Ihre Sicherheit Jetzt, wo wir wieder anfangen k\u00f6nnen zu tr\u00e4umen, zu erforschen und zu","og_url":"https:\/\/www.dentaglobal.com.tr\/de\/covid19-protokolle\/","og_site_name":"Dentaglobal","article_modified_time":"2024-10-19T16:37:58+00:00","og_image":[{"url":"https:\/\/www.dentaglobal.com\/wp-content\/uploads\/2024\/10\/covid1.jpg","type":"","width":"","height":""}],"twitter_card":"summary_large_image","twitter_misc":{"Gesch\u00e4tzte Lesezeit":"3\u00a0Minuten"},"schema":{"@context":"https:\/\/schema.org","@graph":[{"@type":"WebPage","@id":"https:\/\/www.dentaglobal.com.tr\/de\/covid19-protokolle\/","url":"https:\/\/www.dentaglobal.com.tr\/de\/covid19-protokolle\/","name":"Covid19-Protokolle - Dentaglobal","isPartOf":{"@id":"https:\/\/www.dentaglobal.com.tr\/de\/#website"},"primaryImageOfPage":{"@id":"https:\/\/www.dentaglobal.com.tr\/de\/covid19-protokolle\/#primaryimage"},"image":{"@id":"https:\/\/www.dentaglobal.com.tr\/de\/covid19-protokolle\/#primaryimage"},"thumbnailUrl":"https:\/\/www.dentaglobal.com\/wp-content\/uploads\/2024\/10\/covid1.jpg","datePublished":"2024-10-15T10:52:04+00:00","dateModified":"2024-10-19T16:37:58+00:00","description":"F\u00fchlen Sie sich sicher bei DENTAGLOBAL Globale Ma\u00dfnahmen f\u00fcr Ihre Sicherheit Jetzt, wo wir wieder anfangen k\u00f6nnen zu tr\u00e4umen, zu erforschen und zu","breadcrumb":{"@id":"https:\/\/www.dentaglobal.com.tr\/de\/covid19-protokolle\/#breadcrumb"},"inLanguage":"de","potentialAction":[{"@type":"ReadAction","target":["https:\/\/www.dentaglobal.com.tr\/de\/covid19-protokolle\/"]}]},{"@type":"ImageObject","inLanguage":"de","@id":"https:\/\/www.dentaglobal.com.tr\/de\/covid19-protokolle\/#primaryimage","url":"https:\/\/www.dentaglobal.com\/wp-content\/uploads\/2024\/10\/covid1.jpg","contentUrl":"https:\/\/www.dentaglobal.com\/wp-content\/uploads\/2024\/10\/covid1.jpg"},{"@type":"BreadcrumbList","@id":"https:\/\/www.dentaglobal.com.tr\/de\/covid19-protokolle\/#breadcrumb","itemListElement":[{"@type":"ListItem","position":1,"name":"Anasayfa","item":"https:\/\/www.dentaglobal.com.tr\/de\/"},{"@type":"ListItem","position":2,"name":"Covid19-Protokolle"}]},{"@type":"WebSite","@id":"https:\/\/www.dentaglobal.com.tr\/de\/#website","url":"https:\/\/www.dentaglobal.com.tr\/de\/","name":"Dentaglobal","description":"","publisher":{"@id":"https:\/\/www.dentaglobal.com.tr\/de\/#organization"},"potentialAction":[{"@type":"SearchAction","target":{"@type":"EntryPoint","urlTemplate":"https:\/\/www.dentaglobal.com.tr\/de\/?s={search_term_string}"},"query-input":{"@type":"PropertyValueSpecification","valueRequired":true,"valueName":"search_term_string"}}],"inLanguage":"de"},{"@type":"Organization","@id":"https:\/\/www.dentaglobal.com.tr\/de\/#organization","name":"Dentaglobal","url":"https:\/\/www.dentaglobal.com.tr\/de\/","logo":{"@type":"ImageObject","inLanguage":"de","@id":"https:\/\/www.dentaglobal.com.tr\/de\/#\/schema\/logo\/image\/","url":"https:\/\/www.dentaglobal.com\/wp-content\/uploads\/2024\/10\/logo-en.png","contentUrl":"https:\/\/www.dentaglobal.com\/wp-content\/uploads\/2024\/10\/logo-en.png","width":343,"height":73,"caption":"Dentaglobal"},"image":{"@id":"https:\/\/www.dentaglobal.com.tr\/de\/#\/schema\/logo\/image\/"}}]}},"_links":{"self":[{"href":"https:\/\/www.dentaglobal.com.tr\/de\/wp-json\/wp\/v2\/pages\/2783","targetHints":{"allow":["GET"]}}],"collection":[{"href":"https:\/\/www.dentaglobal.com.tr\/de\/wp-json\/wp\/v2\/pages"}],"about":[{"href":"https:\/\/www.dentaglobal.com.tr\/de\/wp-json\/wp\/v2\/types\/page"}],"author":[{"embeddable":true,"href":"https:\/\/www.dentaglobal.com.tr\/de\/wp-json\/wp\/v2\/users\/2"}],"replies":[{"embeddable":true,"href":"https:\/\/www.dentaglobal.com.tr\/de\/wp-json\/wp\/v2\/comments?post=2783"}],"version-history":[{"count":3,"href":"https:\/\/www.dentaglobal.com.tr\/de\/wp-json\/wp\/v2\/pages\/2783\/revisions"}],"predecessor-version":[{"id":4378,"href":"https:\/\/www.dentaglobal.com.tr\/de\/wp-json\/wp\/v2\/pages\/2783\/revisions\/4378"}],"wp:attachment":[{"href":"https:\/\/www.dentaglobal.com.tr\/de\/wp-json\/wp\/v2\/media?parent=2783"}],"curies":[{"name":"wp","href":"https:\/\/api.w.org\/{rel}","templated":true}]}}